{"id":58548,"date":"2023-04-25T16:21:32","date_gmt":"2023-04-25T16:21:32","guid":{"rendered":"https:\/\/skrivanekdtp.com\/?page_id=58548"},"modified":"2025-03-17T11:27:37","modified_gmt":"2025-03-17T11:27:37","slug":"co-je-dtp","status":"publish","type":"page","link":"https:\/\/skrivanekdtp.com\/cs\/co-je-dtp\/","title":{"rendered":"Na\u0161e slu\u017eby"},"content":{"rendered":"<div id=\"pl-58548\"  class=\"panel-layout\" ><div id=\"pg-58548-0\"  class=\"panel-grid panel-no-style\" ><div id=\"pgc-58548-0-0\"  class=\"panel-grid-cell\" ><div id=\"panel-58548-0-0-0\" class=\"so-panel widget widget_wpa9-card-l panel-first-child panel-last-child\" data-index=\"0\" ><div\n\t\t\t\n\t\t\tclass=\"so-widget-wpa9-card-l so-widget-wpa9-card-l-default-c93e1481a745-58548\"\n\t\t\t\n\t\t>\n\n<div class=\"wpa9-card wpa9-card-l-container d-flex flex-wrap wpa9-columns-2\">\n\n\t\n\t\t\n\t<div class=\"wpa9-card-l-panel wpa9-panel shadow rounded d-flex flex-column justify-content-between\">\n\n\t\t<div>\n\t\t\t\t\t\t\t<span class=\"wpa9-panel-icon icon\" style=\"display: none; background-image: url('https:\/\/skrivanekdtp.com\/wp-content\/uploads\/2023\/06\/ico-info.svg')\"><\/span>\n\t\t\t<span class=\"wpa9-panel-icon icon\" style=\"mask-image: url(https:\/\/skrivanekdtp.com\/wp-content\/uploads\/2023\/06\/ico-info.svg); -webkit-mask-image: url(https:\/\/skrivanekdtp.com\/wp-content\/uploads\/2023\/06\/ico-info.svg);\"><\/span>\n\t\t\n\t\t\t\t\t\t\t\t<h2 class=\"wpa9-panel-title\">Co v\u0161echno DTP dok\u00e1\u017ee?<\/h2>\n\t\t\n\t\t\t\t\t\t\t<div class=\"wpa9-panel-content\"><p><strong>Desktop Publishing znamen\u00e1 pou\u017eit\u00ed sofistikovan\u00e9ho grafick\u00e9ho softwaru k vytvo\u0159en\u00ed fin\u00e1ln\u00edch n\u00e1vrh\u016f, kter\u00e9 poslou\u017e\u00ed pro tisk let\u00e1k\u016f, katalog\u016f, instrukt\u00e1\u017en\u00edch bro\u017eur a dal\u0161\u00edch marketingov\u00fdch nebo v\u00fdukov\u00fdch materi\u00e1l\u016f. <\/strong>Nejlep\u0161\u00ed zp\u016fsob, jak vyu\u017e\u00edt software DTP na maximum, je sv\u011b\u0159it jej do rukou profesion\u00e1ln\u00edho grafika, kter\u00fd ovl\u00e1d\u00e1 jeho mo\u017enosti. <a href=\"https:\/\/skrivanekdtp.com\/cs\/\">DTP studio<\/a>\u00a0spole\u010dnosti Sk\u0159iv\u00e1nek dok\u00e1\u017ee vytvo\u0159it v\u0161echny typy tiskovin, kter\u00e9 pot\u0159ebujete, a zajistit konzistenci zna\u010dky nap\u0159\u00ed\u010d produkty.<\/p>\n<p>Ve spole\u010dnosti Sk\u0159iv\u00e1nek obvykle pracujeme s va\u0161imi st\u00e1vaj\u00edc\u00edmi koncepty, rozvr\u017een\u00edm a grafick\u00fdmi prvky a optimalizujeme jejich dopad pomoc\u00ed skv\u011bl\u00e9ho softwaru DTP, kter\u00fd obsluhuj\u00ed talentovan\u00ed odborn\u00edci na DTP.\u00a0<strong>Va\u0161e p\u016fvodn\u00ed \u0161ablony a styl, kter\u00fd jste p\u0159ijali pro vyj\u00e1d\u0159en\u00ed sv\u00e9 zna\u010dky, dok\u00e1\u017eeme zachovat d\u00edky pozornosti v\u011bnovan\u00e9 stylu a velikosti obr\u00e1zk\u016f, pou\u017eit\u00ed a sytosti barev, zarovn\u00e1n\u00ed v\u0161ech prvk\u016f na str\u00e1nce, p\u00edsmu a mezer\u00e1m.\u00a0<\/strong>V\u0161echny tyto detaily slad\u00edme tak, aby reprezentovaly va\u0161i zna\u010dku a t\u00f3n va\u0161ich sd\u011blen\u00ed \u2013 v\u00fdsledn\u00e9 profesion\u00e1ln\u00ed produkty DTP dokonale vyj\u00e1d\u0159\u00ed va\u0161e z\u00e1m\u011bry.<\/p>\n<\/div>\n\t\t\t\t<\/div>\n\n\t\t\t\t<div class=\"meta meta-buttons d-flex flex-column flex-sm-row justify-content-center\">\n\t\t\t\t\t\t\t<a class=\"btn btn-negative \" href=\"https:\/\/skrivanekdtp.com\/cs\/poptavka\/\" title=\"Za\u0161lete mi cenovou nab\u00eddku\">Za\u0161lete mi cenovou nab\u00eddku<\/a>\n\t\t\t\t<\/div>\n\t\t\n\t<\/div>\n\n\t\t\n\t<div class=\"wpa9-card-l-panel wpa9-panel shadow rounded d-flex flex-column justify-content-between\">\n\n\t\t<div>\n\t\t\t\t\t\t\t<span class=\"wpa9-panel-icon icon\" style=\"display: none; background-image: url('https:\/\/skrivanekdtp.com\/wp-content\/uploads\/2023\/06\/ico-pobocky-v-zemich.svg')\"><\/span>\n\t\t\t<span class=\"wpa9-panel-icon icon\" style=\"mask-image: url(https:\/\/skrivanekdtp.com\/wp-content\/uploads\/2023\/06\/ico-pobocky-v-zemich.svg); -webkit-mask-image: url(https:\/\/skrivanekdtp.com\/wp-content\/uploads\/2023\/06\/ico-pobocky-v-zemich.svg);\"><\/span>\n\t\t\n\t\t\t\t\t\t\t\t<h2 class=\"wpa9-panel-title\">P\u0159izp\u016fsoben\u00ed sd\u011blen\u00ed<\/h2>\n\t\t\n\t\t\t\t\t\t\t<div class=\"wpa9-panel-content\"><p>Vstupujete na nov\u00fd trh? M\u011bn\u00edte pou\u017eit\u00ed produktu? N\u011bkdy je pot\u0159eba v nov\u00e9 situaci <strong>tiskoviny upravit a my ve spole\u010dnosti Sk\u0159iv\u00e1nek jako\u017eto <a href=\"https:\/\/skrivanek.cz\/cz\/\">poskytovatel glob\u00e1ln\u00edch jazykov\u00fdch slu\u017eeb<\/a>\u00a0m\u00e1me v t\u00e9to oblasti mimo\u0159\u00e1dn\u00e9 znalosti.<\/strong>\u00a0<a href=\"https:\/\/skrivanek.cz\/cz\/preklady\/\">P\u0159elo\u017eili jsme<\/a> obsah do v\u00edce ne\u017e<a href=\"https:\/\/skrivanek.cz\/cz\/preklady\/jazyky\/\"> 80 r\u016fzn\u00fdch jazyk\u016f<\/a> pro v\u00edce ne\u017e 80 r\u016fzn\u00fdch kultur. Pokud jde o p\u0159izp\u016fsoben\u00ed va\u0161ich produkt\u016f DTP m\u011bn\u00edc\u00edm se demografick\u00fdm podm\u00ednk\u00e1m nebo nov\u00e9mu trhu, na\u0161e mezikulturn\u00ed zku\u0161enosti s DTP v\u00e1m jist\u011b dob\u0159e poslou\u017e\u00ed. Na\u0161i odborn\u00edci z <a href=\"https:\/\/skrivanekdtp.com\/cs\/\">DTP studia<\/a> v\u011bd\u00ed, jak pou\u017e\u00edvat styl, barvy, p\u00edsma, rozvr\u017een\u00ed a v\u0161echny ostatn\u00ed n\u00e1stroje DTP k p\u0159esn\u00e9mu vyj\u00e1d\u0159en\u00ed va\u0161ich hlavn\u00edch my\u0161lenek zp\u016fsobem, kter\u00fd na pap\u00ed\u0159e dob\u0159e funguje pro dan\u00e9 publikum.<\/p>\n<p><strong>Pokud budete cht\u00edt p\u0159en\u00e9st informace o zna\u010dce z oby\u010dejn\u00e9ho let\u00e1ku do \u0161ir\u0161\u00edho spektra produkt\u016f, jako je katalog, nebo dokonce on-line zdroje jako webov\u00e9 str\u00e1nky \u010di mobiln\u00ed aplikace, na\u0161i profesion\u00e1lov\u00e9 v oblasti DTP si porad\u00ed i s t\u00edm.\u00a0<\/strong>Ve spole\u010dnosti Sk\u0159iv\u00e1nek v\u00e1m pom\u016f\u017eeme p\u0159em\u00fd\u0161let o marketingov\u00fdch produktech DTP z hlediska jejich univerz\u00e1lnosti, \u0161k\u00e1lovatelnosti a konzistence na dom\u00e1c\u00edm trhu i v zahrani\u010d\u00ed. Nav\u00e1z\u00e1n\u00ed spolupr\u00e1ce s DTP studiem spole\u010dnosti Sk\u0159iv\u00e1nek je moudr\u00fdm krokem pro budouc\u00ed r\u016fst. Na\u0161i odborn\u00edci jsou zn\u00e1m\u00ed sv\u00fdm z\u00e1kaznick\u00fdm servisem, kter\u00fd se orientuje na \u0159e\u0161en\u00ed va\u0161ich specifick\u00fdch pot\u0159eb v r\u00e1mci ka\u017ed\u00e9ho projektu, a to i\u00a0v\u00a0p\u0159\u00edpad\u011b, \u017ee se jedn\u00e1 o \u0159e\u0161en\u00ed nov\u00fdch probl\u00e9m\u016f.<\/p>\n<\/div>\n\t\t\t\t<\/div>\n\n\t\t\n\t<\/div>\n\n\t\t\n\t\n<\/div>\n<\/div><\/div><\/div><\/div><div id=\"pg-58548-1\"  class=\"panel-grid panel-has-style\" ><div class=\"siteorigin-panels-stretch panel-row-padding-none panel-row-style panel-row-style-for-58548-1\" data-stretch-type=\"full\" ><div id=\"pgc-58548-1-0\"  class=\"panel-grid-cell\" ><div id=\"panel-58548-1-0-0\" class=\"so-panel widget widget_wpa9-card-s panel-first-child panel-last-child\" data-index=\"1\" ><div\n\t\t\t\n\t\t\tclass=\"so-widget-wpa9-card-s so-widget-wpa9-card-s-default-c93e1481a745-58548\"\n\t\t\t\n\t\t><div class=\"wpa9-card wpa9-card-s wide positive\">\n\n\t<div class=\"wpa9-card-wrapper container\">\n\n\t\t<div class=\"wpa9-card-text\">\n\t\t\t<h2 class=\"wpa9-card-title\">Pot\u0159ebujete slu\u017eby DTP?<\/h2>\n\t\t\t<div class=\"wpa9-card-content\"><p style=\"text-align: center\">Kontaktujte n\u00e1s a zjist\u011bte, jak v\u00e1m m\u016f\u017eeme pomoci s v\u00fdrobou vynikaj\u00edc\u00edch produkt\u016f DTP a poskytov\u00e1n\u00edm bezkonkuren\u010dn\u00ed z\u00e1kaznick\u00e9 podpory, co\u017e povede k nejlep\u0161\u00ed mo\u017en\u00e9 ti\u0161t\u011bn\u00e9 komunikaci podle va\u0161ich po\u017eadavk\u016f.<\/p>\n<\/div>\t\t<\/div>\n\n\t\t\t\t<div class=\"meta meta-buttons d-flex flex-row justify-content-center\">\n\t\t\t\t\t\t\t<a class=\"btn btn-negative \" href=\"https:\/\/skrivanekdtp.com\/cs\/poptavka\/\" title=\"Za\u0161lete mi cenovou nab\u00eddku na m\u00edru\">Za\u0161lete mi cenovou nab\u00eddku na m\u00edru<\/a>\n\t\t\t\t<\/div>\n\t\t\n\t<\/div>\n\n<\/div>\n<\/div><\/div><\/div><\/div><\/div><\/div>","protected":false},"excerpt":{"rendered":"<p>Co v\u0161echno DTP dok\u00e1\u017ee? Desktop Publishing znamen\u00e1 pou\u017eit\u00ed sofistikovan\u00e9ho grafick\u00e9ho softwaru k vytvo\u0159en\u00ed fin\u00e1ln\u00edch n\u00e1vrh\u016f, kter\u00e9 poslou\u017e\u00ed pro tisk let\u00e1k\u016f, katalog\u016f, instrukt\u00e1\u017en\u00edch bro\u017eur a dal\u0161\u00edch marketingov\u00fdch nebo v\u00fdukov\u00fdch materi\u00e1l\u016f. Nejlep\u0161\u00ed zp\u016fsob, jak vyu\u017e\u00edt software DTP na maximum, je sv\u011b\u0159it jej do rukou profesion\u00e1ln\u00edho grafika, kter\u00fd ovl\u00e1d\u00e1 jeho mo\u017enosti. DTP studio\u00a0spole\u010dnosti Sk\u0159iv\u00e1nek dok\u00e1\u017ee vytvo\u0159it v\u0161echny typy [&hellip;]<\/p>\n","protected":false},"author":4,"featured_media":0,"parent":0,"menu_order":0,"comment_status":"closed","ping_status":"closed","template":"","meta":{"_acf_changed":false,"content-type":"","footnotes":""},"class_list":["post-58548","page","type-page","status-publish","hentry"],"acf":[],"aioseo_notices":[],"_links":{"self":[{"href":"https:\/\/skrivanekdtp.com\/cs\/wp-json\/wp\/v2\/pages\/58548","targetHints":{"allow":["GET"]}}],"collection":[{"href":"https:\/\/skrivanekdtp.com\/cs\/wp-json\/wp\/v2\/pages"}],"about":[{"href":"https:\/\/skrivanekdtp.com\/cs\/wp-json\/wp\/v2\/types\/page"}],"author":[{"embeddable":true,"href":"https:\/\/skrivanekdtp.com\/cs\/wp-json\/wp\/v2\/users\/4"}],"replies":[{"embeddable":true,"href":"https:\/\/skrivanekdtp.com\/cs\/wp-json\/wp\/v2\/comments?post=58548"}],"version-history":[{"count":4,"href":"https:\/\/skrivanekdtp.com\/cs\/wp-json\/wp\/v2\/pages\/58548\/revisions"}],"predecessor-version":[{"id":59569,"href":"https:\/\/skrivanekdtp.com\/cs\/wp-json\/wp\/v2\/pages\/58548\/revisions\/59569"}],"wp:attachment":[{"href":"https:\/\/skrivanekdtp.com\/cs\/wp-json\/wp\/v2\/media?parent=58548"}],"curies":[{"name":"wp","href":"https:\/\/api.w.org\/{rel}","templated":true}]}}